{"id":2815,"date":"2025-05-05T09:23:04","date_gmt":"2025-05-05T09:23:04","guid":{"rendered":"https:\/\/a2fintecs.eu\/?page_id=2815"},"modified":"2025-07-23T12:30:28","modified_gmt":"2025-07-23T12:30:28","slug":"politica-de-privacidad","status":"publish","type":"page","link":"https:\/\/a2fintecs.eu\/es\/politica-de-privacidad\/","title":{"rendered":"Pol\u00edtica de Privacidad"},"content":{"rendered":"<style>.elementor-2815 .elementor-element.elementor-element-1140deed{--display:flex;}.elementor-widget-text-editor{font-family:var( --e-global-typography-text-font-family ), Sans-serif;font-size:var( --e-global-typography-text-font-size );font-weight:var( --e-global-typography-text-font-weight );color:var( --e-global-color-text );}.elementor-widget-text-editor.elementor-drop-cap-view-stacked .elementor-drop-cap{background-color:var( --e-global-color-primary );}.elementor-widget-text-editor.elementor-drop-cap-view-framed .elementor-drop-cap, .elementor-widget-text-editor.elementor-drop-cap-view-default .elementor-drop-cap{color:var( --e-global-color-primary );border-color:var( --e-global-color-primary );}.elementor-2815 .elementor-element.elementor-element-4eabd7ad{color:var( --e-global-color-text );}@media(max-width:1024px){.elementor-widget-text-editor{font-size:var( --e-global-typography-text-font-size );}}@media(max-width:767px){.elementor-widget-text-editor{font-size:var( --e-global-typography-text-font-size );}}<\/style>\t\t<div data-elementor-type=\"wp-page\" data-elementor-id=\"2815\" class=\"elementor elementor-2815 elementor-3\">\n\t\t\t\t<div class=\"elementor-element elementor-element-1140deed e-flex e-con-boxed e-con e-parent\" data-id=\"1140deed\" data-element_type=\"container\">\n\t\t\t\t\t<div class=\"e-con-inner\">\n\t\t\t\t<div class=\"elementor-element elementor-element-4eabd7ad elementor-widget elementor-widget-text-editor\" data-id=\"4eabd7ad\" data-element_type=\"widget\" data-widget_type=\"text-editor.default\">\n\t\t\t\t<div class=\"elementor-widget-container\">\n\t\t\t\t\t\t\t\t\t<h2 class=\"wp-block-heading\" style=\"color: #090423;\">\u00c1mbito de Aplicaci\u00f3n<\/h2>\n<p>Esta pol\u00edtica de privacidad describe la naturaleza, el alcance y el prop\u00f3sito de la recopilaci\u00f3n y el uso de datos personales en el sitio web: <a href=\"https:\/\/a2fintecs.eu\/\">www.a2fintecs.eu<\/a> (en adelante, el \u201csitio web\u201d). Este sitio forma parte del proyecto \u201c<strong>A2FINTECS<\/strong>\u201d \u2013 Acelerando la Adopci\u00f3n del Fintech en las PYMEs. El proyecto tiene como objetivo empoderar a las pymes y a los proveedores de formaci\u00f3n profesional mejorando sus competencias en fintech y su preparaci\u00f3n digital. <em>A2FINTECS est\u00e1 financiado por el programa Erasmus+ de la Uni\u00f3n Europea bajo el n\u00famero de proyecto: 2024-1-ES01-KA220-VET-000249071.<\/em><\/p>\n<p>El organismo responsable del tratamiento de los datos personales en este sitio web (salvo que se indique lo contrario) es el consorcio del proyecto:<\/p>\n<ul class=\"wp-block-list\">\n<li>Coordinador \u2013 Universidad de Burgos (Espa\u00f1a)<\/li>\n<li>Socio \u2013 Vernian RTI (Chipre)<\/li>\n<li>Socio \u2013 Five Comply \u2013 Zizou (Chipre)<\/li>\n<li>Socio \u2013 Pleiades Cooperation on Technology and Innovation (Grecia)<\/li>\n<li>Socio \u2013 Servin \u2013 Servizi e Investimenti Innovativi Srl (Italia)<\/li>\n<li>Socio \u2013 Malta Stock Exchange Institute Ltd (Malta)<\/li>\n<\/ul>\n<p>(en adelante, el \u201cconsorcio\u201d, \u201cnosotros\u201d, \u201cnuestro\u201d). Salvo que se indique lo contrario, el consorcio act\u00faa como responsable del tratamiento de todos los datos personales recogidos en el sitio web. Los datos de contacto se encuentran en la p\u00e1gina de contacto. Para consultas sobre protecci\u00f3n de datos, escribir a: <a href=\"mailto:admin@a2fintecs.eu\">admin@a2fintecs.eu<\/a><\/p>\n<h2 class=\"wp-block-heading\" style=\"color: #090423;\">Informaci\u00f3n que Recopilamos y C\u00f3mo la Usamos<\/h2>\n<p>Podemos recopilar informaci\u00f3n personal identificativa de los usuarios de distintas formas, incluyendo cuando visitan el sitio web, completan formularios, responden a encuestas, se registran en nuestra plataforma de aprendizaje digital o utilizan las funciones y servicios disponibles. Estos datos suelen incluir el nombre y\/o la direcci\u00f3n de correo electr\u00f3nico. Para los usuarios registrados (si los hubiera), tambi\u00e9n almacenamos la informaci\u00f3n personal que proporcionen en su perfil. Todos los usuarios pueden ver, editar o eliminar sus datos personales en cualquier momento (salvo el nombre de usuario, que no puede cambiarse). Los administradores del sitio tambi\u00e9n pueden ver y editar esta informaci\u00f3n.<\/p>\n<p>No usamos datos personales con fines publicitarios ni comerciales. La informaci\u00f3n personal se utiliza exclusivamente para operar y mejorar el sitio. Al usar el sitio, los usuarios aceptan la recopilaci\u00f3n y uso de sus datos conforme a esta pol\u00edtica.<\/p>\n<p>Aplicamos medidas de seguridad t\u00e9cnicas y organizativas apropiadas para evitar accesos no autorizados, modificaciones, divulgaciones o destrucci\u00f3n de datos. No vendemos, alquilamos ni intercambiamos informaci\u00f3n personal identificativa. Podemos compartir datos demogr\u00e1ficos anonimizados y agregados con socios para fines anal\u00edticos o de informes.<\/p>\n<h2 class=\"wp-block-heading\" style=\"color: #090423;\">Datos de Registro<\/h2>\n<p>Al acceder a nuestro sitio web, recopilamos autom\u00e1ticamente cierta informaci\u00f3n que tu navegador nos env\u00eda. Esto puede incluir tu direcci\u00f3n IP (anonimizada desde el primer momento), tipo y versi\u00f3n de navegador, p\u00e1ginas visitadas, fecha y hora de acceso, y duraci\u00f3n de la sesi\u00f3n. Estos datos se utilizan \u00fanicamente con fines t\u00e9cnicos y anal\u00edticos, y no se combinan con informaci\u00f3n personal proporcionada voluntariamente.<\/p>\n<h2 class=\"wp-block-heading\" style=\"color: #090423;\">Cookies<\/h2>\n<p>Este sitio web utiliza cookies. Las cookies son peque\u00f1os archivos que almacenan informaci\u00f3n en tu dispositivo. Aunque no contienen datos personales identificables, pueden asociarse con ellos si los proporcionas.<\/p>\n<p>Tipos de cookies utilizadas:<\/p>\n<ul class=\"wp-block-list\">\n<li>Cookies estrictamente necesarias (para funcionalidades b\u00e1sicas)<\/li>\n<li>Cookies de funcionalidad (para recordar configuraciones del usuario)<\/li>\n<li>Cookies de seguimiento de uso (an\u00e1lisis)<\/li>\n<\/ul>\n<p>Puedes aceptar o rechazar las cookies de seguimiento. Si las rechazas, algunas funciones pueden estar limitadas.<\/p>\n<h2 class=\"wp-block-heading\" style=\"color: #090423;\">Google Analytics<\/h2>\n<p>Utilizamos Google Analytics para entender mejor los patrones de uso del sitio. Google Analytics establece cookies que recogen informaci\u00f3n est\u00e1ndar del registro de internet y del comportamiento del visitante de forma anonimizada. La funci\u00f3n de anonimizaci\u00f3n de IP (\u201canonymizeIp\u201d) est\u00e1 activada. Esta informaci\u00f3n nos ayuda a mejorar el rendimiento del sitio y la experiencia del usuario.<\/p>\n<p>Puedes aceptar o rechazar el uso de Google Analytics al visitar el sitio por primera vez.<\/p>\n<h2 class=\"wp-block-heading\" style=\"color: #090423;\">Cambios en Esta Pol\u00edtica de Privacidad<\/h2>\n<p>Esta pol\u00edtica entra en vigor a partir del 08\/05\/2025 y permanece vigente hasta que sea modificada. Cualquier actualizaci\u00f3n se aplicar\u00e1 autom\u00e1ticamente una vez publicada en esta p\u00e1gina. Se recomienda revisar esta pol\u00edtica con frecuencia para estar al tanto de los posibles cambios.<\/p>\n<h2 class=\"wp-block-heading\" style=\"color: #090423;\">Contacto<\/h2>\n<p>Para cualquier duda sobre esta pol\u00edtica o sobre tu interacci\u00f3n con este sitio web, puedes escribirnos a: <a href=\"mailto:a2fintecs@ubu.es\">a2fintecs@ubu.es<\/a>.<\/p>\t\t\t\t\t\t\t\t<\/div>\n\t\t\t\t<\/div>\n\t\t\t\t\t<\/div>\n\t\t\t\t<\/div>\n\t\t\t\t<\/div>\n\t\t","protected":false},"excerpt":{"rendered":"<p>\u00c1mbito de Aplicaci\u00f3n Esta pol\u00edtica de privacidad describe la naturaleza, el alcance y el prop\u00f3sito de la recopilaci\u00f3n y el uso de datos personales en el sitio web: www.a2fintecs.eu (en adelante, el \u201csitio web\u201d). Este sitio forma parte del proyecto \u201cA2FINTECS\u201d \u2013 Acelerando la Adopci\u00f3n del Fintech en las PYMEs. El proyecto tiene como objetivo empoderar a las pymes y a los proveedores de formaci\u00f3n profesional mejorando sus competencias en fintech y su preparaci\u00f3n digital. A2FINTECS est\u00e1 financiado por el programa Erasmus+ de la Uni\u00f3n Europea bajo el n\u00famero de proyecto: 2024-1-ES01-KA220-VET-000249071. El organismo responsable del tratamiento de los datos<\/p>\n","protected":false},"author":1,"featured_media":0,"parent":0,"menu_order":0,"comment_status":"closed","ping_status":"closed","template":"","meta":{"footnotes":""},"class_list":["post-2815","page","type-page","status-publish","hentry"],"_links":{"self":[{"href":"https:\/\/a2fintecs.eu\/es\/wp-json\/wp\/v2\/pages\/2815","targetHints":{"allow":["GET"]}}],"collection":[{"href":"https:\/\/a2fintecs.eu\/es\/wp-json\/wp\/v2\/pages"}],"about":[{"href":"https:\/\/a2fintecs.eu\/es\/wp-json\/wp\/v2\/types\/page"}],"author":[{"embeddable":true,"href":"https:\/\/a2fintecs.eu\/es\/wp-json\/wp\/v2\/users\/1"}],"replies":[{"embeddable":true,"href":"https:\/\/a2fintecs.eu\/es\/wp-json\/wp\/v2\/comments?post=2815"}],"version-history":[{"count":0,"href":"https:\/\/a2fintecs.eu\/es\/wp-json\/wp\/v2\/pages\/2815\/revisions"}],"wp:attachment":[{"href":"https:\/\/a2fintecs.eu\/es\/wp-json\/wp\/v2\/media?parent=2815"}],"curies":[{"name":"wp","href":"https:\/\/api.w.org\/{rel}","templated":true}]}}